{"id":1950,"date":"2021-01-25T20:38:34","date_gmt":"2021-01-25T20:38:34","guid":{"rendered":"http:\/\/iusdictum.com\/?page_id=1950"},"modified":"2021-01-25T20:59:49","modified_gmt":"2021-01-25T20:59:49","slug":"regulamento-de-publicacao","status":"publish","type":"page","link":"https:\/\/iusdictum.com\/en\/regulamento-de-publicacao\/","title":{"rendered":"Regulamento de Publica\u00e7\u00e3o"},"content":{"rendered":"<div data-elementor-type=\"wp-page\" data-elementor-id=\"1950\" class=\"elementor elementor-1950\" data-elementor-settings=\"[]\">\n\t\t\t\t\t\t<div class=\"elementor-inner\">\n\t\t\t\t\t\t\t<div class=\"elementor-section-wrap\">\n\t\t\t\t\t\t\t<section class=\"elementor-section elementor-top-section elementor-element elementor-element-fb2a5e0 elementor-section-content-middle elementor-section-boxed elementor-section-height-default elementor-section-height-default\" data-id=\"fb2a5e0\" data-element_type=\"section\" data-settings=\"{&quot;background_background&quot;:&quot;classic&quot;}\">\n\t\t\t\t\t\t<div class=\"elementor-container elementor-column-gap-default\">\n\t\t\t\t\t\t\t<div class=\"elementor-row\">\n\t\t\t\t\t<div class=\"elementor-column elementor-col-100 elementor-top-column elementor-element elementor-element-26d60e7\" data-id=\"26d60e7\" data-element_type=\"column\">\n\t\t\t<div class=\"elementor-column-wrap\">\n\t\t\t\t\t\t\t<div class=\"elementor-widget-wrap\">\n\t\t\t\t\t\t\t\t<\/div>\n\t\t\t\t\t<\/div>\n\t\t<\/div>\n\t\t\t\t\t\t\t\t<\/div>\n\t\t\t\t\t<\/div>\n\t\t<\/section>\n\t\t\t\t<section class=\"elementor-section elementor-top-section elementor-element elementor-element-a612228 elementor-section-boxed elementor-section-height-default elementor-section-height-default\" data-id=\"a612228\" data-element_type=\"section\" data-settings=\"{&quot;background_background&quot;:&quot;classic&quot;}\">\n\t\t\t\t\t\t<div class=\"elementor-container elementor-column-gap-default\">\n\t\t\t\t\t\t\t<div class=\"elementor-row\">\n\t\t\t\t\t<div class=\"elementor-column elementor-col-100 elementor-top-column elementor-element elementor-element-8a6055d\" data-id=\"8a6055d\" data-element_type=\"column\">\n\t\t\t<div class=\"elementor-column-wrap elementor-element-populated\">\n\t\t\t\t\t\t\t<div class=\"elementor-widget-wrap\">\n\t\t\t\t\t\t<div class=\"elementor-element elementor-element-6404209 elementor-widget elementor-widget-heading\" data-id=\"6404209\" data-element_type=\"widget\" data-widget_type=\"heading.default\">\n\t\t\t\t<div class=\"elementor-widget-container\">\n\t\t\t<h2 class=\"elementor-heading-title elementor-size-default\">Publishing Rules<\/h2>\t\t<\/div>\n\t\t\t\t<\/div>\n\t\t\t\t<div class=\"elementor-element elementor-element-7ff0ef2 elementor-widget elementor-widget-text-editor\" data-id=\"7ff0ef2\" data-element_type=\"widget\" data-widget_type=\"text-editor.default\">\n\t\t\t\t<div class=\"elementor-widget-container\">\n\t\t\t\t\t<div class=\"elementor-text-editor elementor-clearfix\"><p><strong>1. Reception of papers and publishing conditions<\/strong><br \/>(a) Ius Dictum publishes original texts, written in Portuguese, Castilian Spanish, French, Italian,\nGerman and English, approved by double-blind peer review.<br \/>(b) The papers ought to be sent to <a href=\"mailto:iusdictum@aafdl.pt\">iusdictum@aafdl.pt<\/a> in WORD and PDF format.<br \/>(c) Data regarding author\u2019s identification as well as metadata will be removed from the papers\nbefore submitting them to double-blind peer review.<br \/>(d) Intellectual property rights on the published papers will be transferred to the Review.<br \/><br \/><strong>2. Style guidelines<\/strong><br \/>(a) The texts ought to be identified with the name of the author and respective academic\naffiliation and accreditation.<br \/>(b) The texts ought to contain an abstract in the language they were written and an abstract in\none of the other languages mentioned in the previous number.<br \/>(c) The citations rule chosen by the author must be followed throughout the whole text.<br \/><br \/><strong>3. Double-blind peer review<\/strong><br \/>(a) The text\u2019s revision is performed by two specialists who ignore the identity of the author and whose identity is also unknown to the  author.<br \/>(b) The result of the review is inserted in the chart in the Annex. The reviewer shall conclude \u201cI do not recommend the publication\u201d, \u201cI recommend the publication\u201d or \u201cI recommend the publication under condition\u201d. In this last case, the reviewer shall briefly explain what aspects of the text should the author be invited to improve in order to get the paper published.<br \/>(c) The conclusion of the review being \u201cI recommend the publication under condition\u201d, the paper is sent back to the author and a timeline shall be fixed, in order to reformulate the text or to justify the refusal to such invitation. The reformulated text or the justification for refusal are again sent to the reviewers, who shall end the process by concluding \u201cI do not recommend the publication\u201d or \u201cI  ecommend the publication\u201d.<br \/><br \/><strong>4. Communications between the Review and the author<\/strong><br \/>All communications between the Review and the authors shall be done via e-mail. The Review\nbeing the recipient, the messages and\/or documents shall be sent to: <a href=\"mailto:iusdictum@aafdl.pt\">iusdictum@aafdl.pt<\/a>. The author being the recipient, the messages shall be sent from the e-mail to which the text was submitted to publication.<\/p><p>\u00a0<\/p><\/div>\n\t\t\t\t<\/div>\n\t\t\t\t<\/div>\n\t\t\t\t\t\t<\/div>\n\t\t\t\t\t<\/div>\n\t\t<\/div>\n\t\t\t\t\t\t\t\t<\/div>\n\t\t\t\t\t<\/div>\n\t\t<\/section>\n\t\t\t\t\t\t<\/div>\n\t\t\t\t\t\t<\/div>\n\t\t\t\t\t<\/div>","protected":false},"excerpt":{"rendered":"<p>Regulamento de publica\u00e7\u00e3o 1. Recep\u00e7\u00e3o de textos e condi\u00e7\u00f5es de publica\u00e7\u00e3o(a) A Ius Dictum publica textos originais, escritos em l\u00edngua portuguesa, castelhana, francesa, italiana, alem\u00e3 e inglesa, e aprovados em double-blind peer review.(b) Os textos devem ser enviados para iusdictum@aafdl.pt em formato WORD e PDF.(c) S\u00e3o eliminados dos textos recebidos quaisquer sinais que identifiquem o &hellip;<\/p>\n<p class=\"read-more\"> <a class=\"\" href=\"https:\/\/iusdictum.com\/en\/regulamento-de-publicacao\/\"> <span class=\"screen-reader-text\">Regulamento de Publica\u00e7\u00e3o<\/span> Read More &raquo;<\/a><\/p>","protected":false},"author":1,"featured_media":0,"parent":0,"menu_order":0,"comment_status":"closed","ping_status":"closed","template":"","meta":[],"_links":{"self":[{"href":"https:\/\/iusdictum.com\/en\/wp-json\/wp\/v2\/pages\/1950"}],"collection":[{"href":"https:\/\/iusdictum.com\/en\/wp-json\/wp\/v2\/pages"}],"about":[{"href":"https:\/\/iusdictum.com\/en\/wp-json\/wp\/v2\/types\/page"}],"author":[{"embeddable":true,"href":"https:\/\/iusdictum.com\/en\/wp-json\/wp\/v2\/users\/1"}],"replies":[{"embeddable":true,"href":"https:\/\/iusdictum.com\/en\/wp-json\/wp\/v2\/comments?post=1950"}],"version-history":[{"count":19,"href":"https:\/\/iusdictum.com\/en\/wp-json\/wp\/v2\/pages\/1950\/revisions"}],"predecessor-version":[{"id":1979,"href":"https:\/\/iusdictum.com\/en\/wp-json\/wp\/v2\/pages\/1950\/revisions\/1979"}],"wp:attachment":[{"href":"https:\/\/iusdictum.com\/en\/wp-json\/wp\/v2\/media?parent=1950"}],"curies":[{"name":"wp","href":"https:\/\/api.w.org\/{rel}","templated":true}]}}