{"id":1933,"date":"2021-01-25T10:38:27","date_gmt":"2021-01-25T10:38:27","guid":{"rendered":"http:\/\/iusdictum.com\/?page_id=1933"},"modified":"2021-01-30T17:50:57","modified_gmt":"2021-01-30T17:50:57","slug":"estatuto-editorial","status":"publish","type":"page","link":"https:\/\/iusdictum.com\/en\/estatuto-editorial\/","title":{"rendered":"Editorial Status"},"content":{"rendered":"<div data-elementor-type=\"wp-page\" data-elementor-id=\"1933\" class=\"elementor elementor-1933\" data-elementor-settings=\"[]\">\n\t\t\t\t\t\t<div class=\"elementor-inner\">\n\t\t\t\t\t\t\t<div class=\"elementor-section-wrap\">\n\t\t\t\t\t\t\t<section class=\"elementor-section elementor-top-section elementor-element elementor-element-d1a9be7 elementor-section-content-middle elementor-section-boxed elementor-section-height-default elementor-section-height-default\" data-id=\"d1a9be7\" data-element_type=\"section\" data-settings=\"{&quot;background_background&quot;:&quot;classic&quot;}\">\n\t\t\t\t\t\t<div class=\"elementor-container elementor-column-gap-default\">\n\t\t\t\t\t\t\t<div class=\"elementor-row\">\n\t\t\t\t\t<div class=\"elementor-column elementor-col-100 elementor-top-column elementor-element elementor-element-b0250e6\" data-id=\"b0250e6\" data-element_type=\"column\">\n\t\t\t<div class=\"elementor-column-wrap\">\n\t\t\t\t\t\t\t<div class=\"elementor-widget-wrap\">\n\t\t\t\t\t\t\t\t<\/div>\n\t\t\t\t\t<\/div>\n\t\t<\/div>\n\t\t\t\t\t\t\t\t<\/div>\n\t\t\t\t\t<\/div>\n\t\t<\/section>\n\t\t\t\t<section class=\"elementor-section elementor-top-section elementor-element elementor-element-45ccf1d elementor-section-boxed elementor-section-height-default elementor-section-height-default\" data-id=\"45ccf1d\" data-element_type=\"section\" data-settings=\"{&quot;background_background&quot;:&quot;classic&quot;}\">\n\t\t\t\t\t\t<div class=\"elementor-container elementor-column-gap-default\">\n\t\t\t\t\t\t\t<div class=\"elementor-row\">\n\t\t\t\t\t<div class=\"elementor-column elementor-col-100 elementor-top-column elementor-element elementor-element-7e515a4\" data-id=\"7e515a4\" data-element_type=\"column\">\n\t\t\t<div class=\"elementor-column-wrap elementor-element-populated\">\n\t\t\t\t\t\t\t<div class=\"elementor-widget-wrap\">\n\t\t\t\t\t\t<div class=\"elementor-element elementor-element-6cf960a elementor-widget elementor-widget-heading\" data-id=\"6cf960a\" data-element_type=\"widget\" data-widget_type=\"heading.default\">\n\t\t\t\t<div class=\"elementor-widget-container\">\n\t\t\t<h2 class=\"elementor-heading-title elementor-size-default\">Editorial Statute<\/h2>\t\t<\/div>\n\t\t\t\t<\/div>\n\t\t\t\t<div class=\"elementor-element elementor-element-ac4ac17 elementor-widget elementor-widget-text-editor\" data-id=\"ac4ac17\" data-element_type=\"widget\" data-widget_type=\"text-editor.default\">\n\t\t\t\t<div class=\"elementor-widget-container\">\n\t\t\t\t\t<div class=\"elementor-text-editor elementor-clearfix\"><p><strong>1. Scientific scope<\/strong><br \/>Ius Dictum is a legal journal dedicated to the publication of studies regarding the multiple\nways and instances of concretization of Law, notably the subjects traditionally considered\nas pertaining to the general theory of procedure, the general theory of adjudication and the philosophy of Law.<\/p><p><strong>2. Purposes<\/strong><br \/>Ius Dictum pursues the general aim of publishing and sharing legal studies of high\ntechnical quality, precision and innovation. In particular, Ius Dictum aims at widening the\nfrontiers surrounding the exchange of knowledge concerning the core subject matters of the review; it also intends on raising the interest of legal scholars and practitioners towards the theoretical and practical matters regarding the concretization of Law; lastly, the review aims at promoting the debate between legal scholars and practitioners coming\nfrom different legal systems and from diverse fields of expertise.<\/p><p><strong>3. Composition<\/strong><br \/>Ius Dictum is composed by a Board of Directors, a Scientific Board and an Editorial Board, on each falling the following responsibilities:<br \/><span style=\"text-decoration: underline;\">Board of Directors<\/span>:(i) to represent and promote the journal; (ii) to define the editorial\npolicy of the journal; (iii) to coordinate the activity of the Editorial Board; (iv) to ensure\nthe compliance with the Publishing Rules; (v) to decide on the nomination and\nreplacement of members of the Editorial Board; (vi) to authorize the issuing of the journal\nafter final revision. <br \/><span style=\"text-decoration: underline;\">Scientific Board<\/span>: (i) to execute the ordinary management and the editorial production of\nthe journal, under coordination of the Board of Directors; (ii) to proceed to a preliminary\nanalysis and selection of the studies submitted for publication; (iii) to mediate the\ncommunications between the authors and the referees, during the double-blind peer\nreview process. <br \/><span style=\"text-decoration: underline;\">Editorial Board<\/span>: (i) to execute the ordinary management and the editorial production of\nthe journal, under coordination of the Board of Directors; (ii) to proceed to a preliminary\nanalysis and selection of the studies submitted for publication; (iii) to mediate the\ncommunications between the authors and the referees, during the double-blind peer\nreview process.<\/p><p><strong>4. Issues<\/strong><br \/>The journal is published online and it is accessible <a href=\"https:\/\/iusdictum.com\">www.iusdictum.com<\/a>. The Board of\nDirectors may decide to publish print editions, to be sold or offered for purposes of\npromotion of the journal. The number of pages of each issue is variable.<\/p><p><strong>5. Periodicity<\/strong><br \/>The review Ius Dictum is published three times a year, in January, May and September. If\nthe conditions needed for the publication are not met, the Board of Directors may decide\nnot to publish the journal for a certain period of time.<\/p><p><strong>6. Owner<\/strong><br \/>Faculdade de Direito da Universidade de Lisboa\n<br>(School of Law of the University of Lisbon)<\/p><p><strong>7. Editors<\/strong><br \/>Associa\u00e7\u00e3o Acad\u00e9mica da Faculdade de Direito da Universidade de Lisboa<\/p><\/div>\n\t\t\t\t<\/div>\n\t\t\t\t<\/div>\n\t\t\t\t\t\t<\/div>\n\t\t\t\t\t<\/div>\n\t\t<\/div>\n\t\t\t\t\t\t\t\t<\/div>\n\t\t\t\t\t<\/div>\n\t\t<\/section>\n\t\t\t\t\t\t<\/div>\n\t\t\t\t\t\t<\/div>\n\t\t\t\t\t<\/div>","protected":false},"excerpt":{"rendered":"<p>Estatuto editorial 1. \u00c1rea cient\u00edficaA Ius Dictum \u00e9 uma revista jur\u00eddica dedicada \u00e0 publica\u00e7\u00e3o de artigos que versem sobre as v\u00e1rias formas e inst\u00e2ncias de realiza\u00e7\u00e3o do Direito, designadamente os temas tradicionalmente reconduz\u00edveis \u00e0 teoria geral do processo, \u00e0 teoria geral da adjudica\u00e7\u00e3o e \u00e0 filosofia do Direito. 2. ObjetivosA Ius Dictum prossegue o objetivo &hellip;<\/p>\n<p class=\"read-more\"> <a class=\"\" href=\"https:\/\/iusdictum.com\/en\/estatuto-editorial\/\"> <span class=\"screen-reader-text\">Editorial Status<\/span> Read More &raquo;<\/a><\/p>","protected":false},"author":1,"featured_media":0,"parent":0,"menu_order":0,"comment_status":"closed","ping_status":"closed","template":"","meta":[],"_links":{"self":[{"href":"https:\/\/iusdictum.com\/en\/wp-json\/wp\/v2\/pages\/1933"}],"collection":[{"href":"https:\/\/iusdictum.com\/en\/wp-json\/wp\/v2\/pages"}],"about":[{"href":"https:\/\/iusdictum.com\/en\/wp-json\/wp\/v2\/types\/page"}],"author":[{"embeddable":true,"href":"https:\/\/iusdictum.com\/en\/wp-json\/wp\/v2\/users\/1"}],"replies":[{"embeddable":true,"href":"https:\/\/iusdictum.com\/en\/wp-json\/wp\/v2\/comments?post=1933"}],"version-history":[{"count":19,"href":"https:\/\/iusdictum.com\/en\/wp-json\/wp\/v2\/pages\/1933\/revisions"}],"predecessor-version":[{"id":1996,"href":"https:\/\/iusdictum.com\/en\/wp-json\/wp\/v2\/pages\/1933\/revisions\/1996"}],"wp:attachment":[{"href":"https:\/\/iusdictum.com\/en\/wp-json\/wp\/v2\/media?parent=1933"}],"curies":[{"name":"wp","href":"https:\/\/api.w.org\/{rel}","templated":true}]}}