{"id":1786,"date":"2021-01-04T17:09:56","date_gmt":"2021-01-04T17:09:56","guid":{"rendered":"http:\/\/iusdictum.com\/?page_id=1786"},"modified":"2021-01-25T21:26:04","modified_gmt":"2021-01-25T21:26:04","slug":"privacidade","status":"publish","type":"page","link":"https:\/\/iusdictum.com\/en\/privacidade\/","title":{"rendered":"Privacy"},"content":{"rendered":"<div data-elementor-type=\"wp-page\" data-elementor-id=\"1786\" class=\"elementor elementor-1786\" data-elementor-settings=\"[]\">\n\t\t\t\t\t\t<div class=\"elementor-inner\">\n\t\t\t\t\t\t\t<div class=\"elementor-section-wrap\">\n\t\t\t\t\t\t\t<section class=\"elementor-section elementor-top-section elementor-element elementor-element-346bdb6 elementor-section-content-middle elementor-section-boxed elementor-section-height-default elementor-section-height-default\" data-id=\"346bdb6\" data-element_type=\"section\" data-settings=\"{&quot;background_background&quot;:&quot;classic&quot;}\">\n\t\t\t\t\t\t<div class=\"elementor-container elementor-column-gap-default\">\n\t\t\t\t\t\t\t<div class=\"elementor-row\">\n\t\t\t\t\t<div class=\"elementor-column elementor-col-100 elementor-top-column elementor-element elementor-element-bf882e1\" data-id=\"bf882e1\" data-element_type=\"column\">\n\t\t\t<div class=\"elementor-column-wrap\">\n\t\t\t\t\t\t\t<div class=\"elementor-widget-wrap\">\n\t\t\t\t\t\t\t\t<\/div>\n\t\t\t\t\t<\/div>\n\t\t<\/div>\n\t\t\t\t\t\t\t\t<\/div>\n\t\t\t\t\t<\/div>\n\t\t<\/section>\n\t\t\t\t<section class=\"elementor-section elementor-top-section elementor-element elementor-element-b7f3d84 elementor-section-boxed elementor-section-height-default elementor-section-height-default\" data-id=\"b7f3d84\" data-element_type=\"section\" data-settings=\"{&quot;background_background&quot;:&quot;classic&quot;}\">\n\t\t\t\t\t\t<div class=\"elementor-container elementor-column-gap-default\">\n\t\t\t\t\t\t\t<div class=\"elementor-row\">\n\t\t\t\t\t<div class=\"elementor-column elementor-col-100 elementor-top-column elementor-element elementor-element-46a25fb\" data-id=\"46a25fb\" data-element_type=\"column\">\n\t\t\t<div class=\"elementor-column-wrap elementor-element-populated\">\n\t\t\t\t\t\t\t<div class=\"elementor-widget-wrap\">\n\t\t\t\t\t\t<div class=\"elementor-element elementor-element-117553c elementor-widget elementor-widget-heading\" data-id=\"117553c\" data-element_type=\"widget\" data-widget_type=\"heading.default\">\n\t\t\t\t<div class=\"elementor-widget-container\">\n\t\t\t<h2 class=\"elementor-heading-title elementor-size-default\">Privacy Policy<\/h2>\t\t<\/div>\n\t\t\t\t<\/div>\n\t\t\t\t<div class=\"elementor-element elementor-element-f4bcbb4 elementor-widget elementor-widget-text-editor\" data-id=\"f4bcbb4\" data-element_type=\"widget\" data-widget_type=\"text-editor.default\">\n\t\t\t\t<div class=\"elementor-widget-container\">\n\t\t\t\t\t<div class=\"elementor-text-editor elementor-clearfix\"><p>This website gathers the following data: e-mail, name of the Author of the paper submitted to peer review for publication, and the document supporting the submitted paper. This information is indispensable to identify the Author of the submitted paper and to enter into contact with the Author.<\/p><p>The gathered data will be exclusively treated in view of the purpose of its request. The furnished data will be preserved for the period of time needed to fulfill the purposes for which they were gathered.<\/p><p>All the data gathered in this website will be kept private and will not be sold or, by any means, furnished to or reused by third entities without the User\u2019s permission, save for the editing and publishing activities led by AAFDL Editora.<\/p><p>According to the applicable data protection laws, the User may at all times practice certain rights, such as: rights of access, rectification, redaction, limitation, opposition and portability, via written request to any of the following\naddresses, specifying the right or rights the User wishes to practice.<\/p><p>In order to practice any of their rights, Users may send us a request to:<br \/>\u2212 E-mail:<br \/>\u00a0 \u00a0\u2212 iusdictum@aafdl.pt<br \/>\u2212Postal address: <br \/>\u00a0 \u00a0\u2212 Faculdade de Direito de Lisboa. Alameda da Universidade, 1649-014, Lisboa.<\/p><p>Within the legal frame, the owner of the data has a right to present a complaint regarding personal data protection to the competent national authority, Comiss\u00e3o Nacional de Prote\u00e7\u00e3o de Dados (CNPD).<\/p><p>The entity responsible for the treatment of personal data has implemented the technical and management measures of safety needed to ensure the security of the data that may be furnished therein, so as to avoid its\nmodification, loss, non-authorized treatment or access, considering the current state of technology, the nature of the gathered data and the risks to which it is exposed.<\/p><p>By submitting a paper to publication, the Author of the paper agrees to the privacy policy.<\/p><p>The acquisition of the Review Ius Dictum \u2013 General Theory of Adjudication is made through the platform https:\/\/ebooks.aafdl.pt\/. The treatment of personal data made by AAFDL Editora may be consulted in https:\/\/ebooks.aafdl.pt\/politica-privacidade\/.<\/p><\/div>\n\t\t\t\t<\/div>\n\t\t\t\t<\/div>\n\t\t\t\t\t\t<\/div>\n\t\t\t\t\t<\/div>\n\t\t<\/div>\n\t\t\t\t\t\t\t\t<\/div>\n\t\t\t\t\t<\/div>\n\t\t<\/section>\n\t\t\t\t\t\t<\/div>\n\t\t\t\t\t\t<\/div>\n\t\t\t\t\t<\/div>","protected":false},"excerpt":{"rendered":"<p>Pol\u00edtica de Privacidade Este website recolhe os seguintes dados: e-mail, nome do Autor do artigo submetido a peer review, com vista \u00e0 publica\u00e7\u00e3o, e o documento que seja suporte do artigo submetido. Esta informa\u00e7\u00e3o \u00e9 indispens\u00e1vel \u00e0 identifica\u00e7\u00e3o do Autor do artigo submetido e ao contacto que com o Autor venha a ser estabelecido. A &hellip;<\/p>\n<p class=\"read-more\"> <a class=\"\" href=\"https:\/\/iusdictum.com\/en\/privacidade\/\"> <span class=\"screen-reader-text\">Privacy<\/span> Read More &raquo;<\/a><\/p>","protected":false},"author":1,"featured_media":0,"parent":0,"menu_order":0,"comment_status":"closed","ping_status":"closed","template":"","meta":[],"_links":{"self":[{"href":"https:\/\/iusdictum.com\/en\/wp-json\/wp\/v2\/pages\/1786"}],"collection":[{"href":"https:\/\/iusdictum.com\/en\/wp-json\/wp\/v2\/pages"}],"about":[{"href":"https:\/\/iusdictum.com\/en\/wp-json\/wp\/v2\/types\/page"}],"author":[{"embeddable":true,"href":"https:\/\/iusdictum.com\/en\/wp-json\/wp\/v2\/users\/1"}],"replies":[{"embeddable":true,"href":"https:\/\/iusdictum.com\/en\/wp-json\/wp\/v2\/comments?post=1786"}],"version-history":[{"count":19,"href":"https:\/\/iusdictum.com\/en\/wp-json\/wp\/v2\/pages\/1786\/revisions"}],"predecessor-version":[{"id":1991,"href":"https:\/\/iusdictum.com\/en\/wp-json\/wp\/v2\/pages\/1786\/revisions\/1991"}],"wp:attachment":[{"href":"https:\/\/iusdictum.com\/en\/wp-json\/wp\/v2\/media?parent=1786"}],"curies":[{"name":"wp","href":"https:\/\/api.w.org\/{rel}","templated":true}]}}