{"id":1503,"date":"2020-12-14T18:13:32","date_gmt":"2020-12-14T18:13:32","guid":{"rendered":"http:\/\/iusdictum.com\/?page_id=1503"},"modified":"2021-01-25T21:25:05","modified_gmt":"2021-01-25T21:25:05","slug":"termos-de-utilizacao","status":"publish","type":"page","link":"https:\/\/iusdictum.com\/en\/termos-de-utilizacao\/","title":{"rendered":"Terms of Use"},"content":{"rendered":"<div data-elementor-type=\"wp-page\" data-elementor-id=\"1503\" class=\"elementor elementor-1503\" data-elementor-settings=\"[]\">\n\t\t\t\t\t\t<div class=\"elementor-inner\">\n\t\t\t\t\t\t\t<div class=\"elementor-section-wrap\">\n\t\t\t\t\t\t\t<section class=\"elementor-section elementor-top-section elementor-element elementor-element-a3c564e elementor-section-content-middle elementor-section-boxed elementor-section-height-default elementor-section-height-default\" data-id=\"a3c564e\" data-element_type=\"section\" data-settings=\"{&quot;background_background&quot;:&quot;classic&quot;}\">\n\t\t\t\t\t\t<div class=\"elementor-container elementor-column-gap-default\">\n\t\t\t\t\t\t\t<div class=\"elementor-row\">\n\t\t\t\t\t<div class=\"elementor-column elementor-col-100 elementor-top-column elementor-element elementor-element-88deff4\" data-id=\"88deff4\" data-element_type=\"column\">\n\t\t\t<div class=\"elementor-column-wrap\">\n\t\t\t\t\t\t\t<div class=\"elementor-widget-wrap\">\n\t\t\t\t\t\t\t\t<\/div>\n\t\t\t\t\t<\/div>\n\t\t<\/div>\n\t\t\t\t\t\t\t\t<\/div>\n\t\t\t\t\t<\/div>\n\t\t<\/section>\n\t\t\t\t<section class=\"elementor-section elementor-top-section elementor-element elementor-element-2745129 elementor-section-boxed elementor-section-height-default elementor-section-height-default\" data-id=\"2745129\" data-element_type=\"section\" data-settings=\"{&quot;background_background&quot;:&quot;classic&quot;}\">\n\t\t\t\t\t\t<div class=\"elementor-container elementor-column-gap-default\">\n\t\t\t\t\t\t\t<div class=\"elementor-row\">\n\t\t\t\t\t<div class=\"elementor-column elementor-col-100 elementor-top-column elementor-element elementor-element-74f6f7c\" data-id=\"74f6f7c\" data-element_type=\"column\">\n\t\t\t<div class=\"elementor-column-wrap elementor-element-populated\">\n\t\t\t\t\t\t\t<div class=\"elementor-widget-wrap\">\n\t\t\t\t\t\t<div class=\"elementor-element elementor-element-aec9db9 elementor-widget elementor-widget-heading\" data-id=\"aec9db9\" data-element_type=\"widget\" data-widget_type=\"heading.default\">\n\t\t\t\t<div class=\"elementor-widget-container\">\n\t\t\t<h2 class=\"elementor-heading-title elementor-size-default\">Terms of Use<\/h2>\t\t<\/div>\n\t\t\t\t<\/div>\n\t\t\t\t<div class=\"elementor-element elementor-element-8a8fe06 elementor-widget elementor-widget-text-editor\" data-id=\"8a8fe06\" data-element_type=\"widget\" data-widget_type=\"text-editor.default\">\n\t\t\t\t<div class=\"elementor-widget-container\">\n\t\t\t\t\t<div class=\"elementor-text-editor elementor-clearfix\"><p>The User recognizes that the contents of this website are protected by\nintellectual property rights and agrees to respect them.<\/p><p>The User is not authorized to spread, publish, copy, sell, use or distribute,\nby any means, the texts, images or other data included in this website or part of\nthis website.<\/p><p>The Terms of Use may be modified. The User ought to periodically confer\nthis page in order to confirm whether any alterations or actualizations were\nmade.<\/p><p>The access to this website may, at all times, be suspended, partially or\ncompletely, especially during management, maintenance, repair, alteration or\nmodernization. This website may also be terminated, temporarily or definitively,\npartially or completely, at any time.<\/p><\/div>\n\t\t\t\t<\/div>\n\t\t\t\t<\/div>\n\t\t\t\t\t\t<\/div>\n\t\t\t\t\t<\/div>\n\t\t<\/div>\n\t\t\t\t\t\t\t\t<\/div>\n\t\t\t\t\t<\/div>\n\t\t<\/section>\n\t\t\t\t\t\t<\/div>\n\t\t\t\t\t\t<\/div>\n\t\t\t\t\t<\/div>","protected":false},"excerpt":{"rendered":"<p>Termos de Utiliza\u00e7\u00e3o O Utilizador reconhece que os conte\u00fados deste website est\u00e3o protegidos por direitos de propriedade intelectual e obriga-se a respeit\u00e1-los. O Utilizador n\u00e3o est\u00e1 autorizado a transmitir, publicar, modificar, copiar, vender, utilizar ou distribuir, por qualquer forma, os textos, imagens ou\u00a0 outras informa\u00e7\u00f5es contidas neste website ou parte deste website. Os Termos de &hellip;<\/p>\n<p class=\"read-more\"> <a class=\"\" href=\"https:\/\/iusdictum.com\/en\/termos-de-utilizacao\/\"> <span class=\"screen-reader-text\">Terms of Use<\/span> Read More &raquo;<\/a><\/p>","protected":false},"author":1,"featured_media":0,"parent":0,"menu_order":0,"comment_status":"closed","ping_status":"closed","template":"","meta":[],"_links":{"self":[{"href":"https:\/\/iusdictum.com\/en\/wp-json\/wp\/v2\/pages\/1503"}],"collection":[{"href":"https:\/\/iusdictum.com\/en\/wp-json\/wp\/v2\/pages"}],"about":[{"href":"https:\/\/iusdictum.com\/en\/wp-json\/wp\/v2\/types\/page"}],"author":[{"embeddable":true,"href":"https:\/\/iusdictum.com\/en\/wp-json\/wp\/v2\/users\/1"}],"replies":[{"embeddable":true,"href":"https:\/\/iusdictum.com\/en\/wp-json\/wp\/v2\/comments?post=1503"}],"version-history":[{"count":22,"href":"https:\/\/iusdictum.com\/en\/wp-json\/wp\/v2\/pages\/1503\/revisions"}],"predecessor-version":[{"id":1988,"href":"https:\/\/iusdictum.com\/en\/wp-json\/wp\/v2\/pages\/1503\/revisions\/1988"}],"wp:attachment":[{"href":"https:\/\/iusdictum.com\/en\/wp-json\/wp\/v2\/media?parent=1503"}],"curies":[{"name":"wp","href":"https:\/\/api.w.org\/{rel}","templated":true}]}}